{"id":1228,"date":"2022-10-09T14:20:31","date_gmt":"2022-10-09T12:20:31","guid":{"rendered":"https:\/\/gabinet.jannasz.pl\/?page_id=1228"},"modified":"2024-02-23T14:45:30","modified_gmt":"2024-02-23T13:45:30","slug":"dodaj-opinie","status":"publish","type":"page","link":"https:\/\/gabinet.jannasz.pl\/index.php\/dodaj-opinie\/","title":{"rendered":"Dodaj opini\u0119"},"content":{"rendered":"\t\t<div data-elementor-type=\"wp-page\" data-elementor-id=\"1228\" class=\"elementor elementor-1228\">\n\t\t\t\t\t\t<section class=\"elementor-section elementor-top-section elementor-element elementor-element-6a7c6016 elementor-section-boxed elementor-section-height-default elementor-section-height-default\" data-id=\"6a7c6016\" data-element_type=\"section\">\n\t\t\t\t\t\t<div class=\"elementor-container elementor-column-gap-default\">\n\t\t\t\t\t<div class=\"elementor-column elementor-col-100 elementor-top-column elementor-element elementor-element-624ae3af\" data-id=\"624ae3af\" data-element_type=\"column\">\n\t\t\t<div class=\"elementor-widget-wrap elementor-element-populated\">\n\t\t\t\t\t\t<div class=\"elementor-element elementor-element-4cf788a5 elementor-widget elementor-widget-text-editor\" data-id=\"4cf788a5\" data-element_type=\"widget\" data-widget_type=\"text-editor.default\">\n\t\t\t\t\t\t\t\t\t<h1>Podziel si\u0119 opini\u0105 o mojej pracy!<\/h1>\t\t\t\t\t\t\t\t<\/div>\n\t\t\t\t\t<\/div>\n\t\t<\/div>\n\t\t\t\t\t<\/div>\n\t\t<\/section>\n\t\t\t\t<section class=\"elementor-section elementor-top-section elementor-element elementor-element-1a4e219 elementor-section-boxed elementor-section-height-default elementor-section-height-default\" data-id=\"1a4e219\" data-element_type=\"section\">\n\t\t\t\t\t\t<div class=\"elementor-container elementor-column-gap-default\">\n\t\t\t\t\t<div class=\"elementor-column elementor-col-100 elementor-top-column elementor-element elementor-element-3f6452a\" data-id=\"3f6452a\" data-element_type=\"column\">\n\t\t\t<div class=\"elementor-widget-wrap elementor-element-populated\">\n\t\t\t\t\t\t<div class=\"elementor-element elementor-element-40e28ee elementor-widget-divider--view-line_icon elementor-widget-divider--separator-type-pattern elementor-view-default elementor-widget-divider--element-align-center elementor-widget elementor-widget-divider\" data-id=\"40e28ee\" data-element_type=\"widget\" data-widget_type=\"divider.default\">\n\t\t\t\t\t\t\t<div class=\"elementor-divider\" style=\"--divider-pattern-url: url(&quot;data:image\/svg+xml,%3Csvg xmlns=&#039;http:\/\/www.w3.org\/2000\/svg&#039; preserveAspectRatio=&#039;none&#039; overflow=&#039;visible&#039; height=&#039;100%&#039; viewBox=&#039;0 0 24 24&#039; fill=&#039;none&#039; stroke=&#039;black&#039; stroke-width=&#039;3&#039; stroke-linecap=&#039;square&#039; stroke-miterlimit=&#039;10&#039;%3E%3Cpath d=&#039;M0,6c6,0,6,13,12,13S18,6,24,6&#039;\/%3E%3C\/svg%3E&quot;);\">\n\t\t\t<span class=\"elementor-divider-separator\">\n\t\t\t\t\t\t\t<div class=\"elementor-icon elementor-divider__element\">\n\t\t\t\t\t<svg aria-hidden=\"true\" class=\"e-font-icon-svg e-fas-spa\" viewBox=\"0 0 576 512\" xmlns=\"http:\/\/www.w3.org\/2000\/svg\"><path d=\"M568.25 192c-29.04.13-135.01 6.16-213.84 83-33.12 29.63-53.36 63.3-66.41 94.86-13.05-31.56-33.29-65.23-66.41-94.86-78.83-76.84-184.8-82.87-213.84-83-4.41-.02-7.79 3.4-7.75 7.82.23 27.92 7.14 126.14 88.77 199.3C172.79 480.94 256 480 288 480s115.19.95 199.23-80.88c81.64-73.17 88.54-171.38 88.77-199.3.04-4.42-3.34-7.84-7.75-7.82zM287.98 302.6c12.82-18.85 27.6-35.78 44.09-50.52 19.09-18.61 39.58-33.3 60.26-45.18-16.44-70.5-51.72-133.05-96.73-172.22-4.11-3.58-11.02-3.58-15.14 0-44.99 39.14-80.27 101.63-96.74 172.07 20.37 11.7 40.5 26.14 59.22 44.39a282.768 282.768 0 0 1 45.04 51.46z\"><\/path><\/svg><\/div>\n\t\t\t\t\t\t<\/span>\n\t\t<\/div>\n\t\t\t\t\t\t<\/div>\n\t\t\t\t\t<\/div>\n\t\t<\/div>\n\t\t\t\t\t<\/div>\n\t\t<\/section>\n\t\t\t\t<section class=\"elementor-section elementor-top-section elementor-element elementor-element-c7acf70 elementor-section-content-middle elementor-section-boxed elementor-section-height-default elementor-section-height-default\" data-id=\"c7acf70\" data-element_type=\"section\">\n\t\t\t\t\t\t<div class=\"elementor-container elementor-column-gap-default\">\n\t\t\t\t\t<div class=\"elementor-column elementor-col-50 elementor-top-column elementor-element elementor-element-15fdc3c\" data-id=\"15fdc3c\" data-element_type=\"column\" data-settings=\"{&quot;animation_mobile&quot;:&quot;none&quot;}\">\n\t\t\t<div class=\"elementor-widget-wrap elementor-element-populated\">\n\t\t\t\t\t\t<div class=\"elementor-element elementor-element-e944747 animated-slow elementor-invisible elementor-widget elementor-widget-image\" data-id=\"e944747\" data-element_type=\"widget\" data-settings=\"{&quot;_animation&quot;:&quot;fadeInLeft&quot;}\" data-widget_type=\"image.default\">\n\t\t\t\t\t\t\t\t\t\t\t\t<figure class=\"wp-caption\">\n\t\t\t\t\t\t\t\t\t\t\t<a href=\"\/about-me\/\">\n\t\t\t\t\t\t\t<img fetchpriority=\"high\" decoding=\"async\" width=\"1365\" height=\"763\" src=\"https:\/\/gabinet.jannasz.pl\/wp-content\/uploads\/2021\/04\/Lekcja-PBP.png\" class=\"attachment-1536x1536 size-1536x1536 wp-image-299\" alt=\"\" srcset=\"https:\/\/gabinet.jannasz.pl\/wp-content\/uploads\/2021\/04\/Lekcja-PBP.png 1365w, https:\/\/gabinet.jannasz.pl\/wp-content\/uploads\/2021\/04\/Lekcja-PBP-300x168.png 300w, https:\/\/gabinet.jannasz.pl\/wp-content\/uploads\/2021\/04\/Lekcja-PBP-1024x572.png 1024w, https:\/\/gabinet.jannasz.pl\/wp-content\/uploads\/2021\/04\/Lekcja-PBP-768x429.png 768w\" sizes=\"(max-width: 1365px) 100vw, 1365px\" \/>\t\t\t\t\t\t\t\t<\/a>\n\t\t\t\t\t\t\t\t\t\t\t<figcaption class=\"widget-image-caption wp-caption-text\">Justyna Jannasz, psycholog, terapeuta<\/figcaption>\n\t\t\t\t\t\t\t\t\t\t<\/figure>\n\t\t\t\t\t\t\t\t\t<\/div>\n\t\t\t\t\t<\/div>\n\t\t<\/div>\n\t\t\t\t<div class=\"elementor-column elementor-col-50 elementor-top-column elementor-element elementor-element-bd9a268\" data-id=\"bd9a268\" data-element_type=\"column\">\n\t\t\t<div class=\"elementor-widget-wrap elementor-element-populated\">\n\t\t\t\t\t\t<div class=\"elementor-element elementor-element-023d7be elementor-widget elementor-widget-shortcode\" data-id=\"023d7be\" data-element_type=\"widget\" data-widget_type=\"shortcode.default\">\n\t\t\t\t\t\t\t<div class=\"elementor-shortcode\">                <div class=\"ml-embedded\" data-form=\"WAfbXe\"><\/div>\n            <\/div>\n\t\t\t\t\t\t<\/div>\n\t\t\t\t\t<\/div>\n\t\t<\/div>\n\t\t\t\t\t<\/div>\n\t\t<\/section>\n\t\t\t\t<section class=\"elementor-section elementor-top-section elementor-element elementor-element-7c680c5 elementor-section-boxed elementor-section-height-default elementor-section-height-default\" data-id=\"7c680c5\" data-element_type=\"section\">\n\t\t\t\t\t\t<div class=\"elementor-container elementor-column-gap-default\">\n\t\t\t\t\t<div class=\"elementor-column elementor-col-100 elementor-top-column elementor-element elementor-element-fea2b15\" data-id=\"fea2b15\" data-element_type=\"column\">\n\t\t\t<div class=\"elementor-widget-wrap elementor-element-populated\">\n\t\t\t\t\t\t<div class=\"elementor-element elementor-element-66b99b3 elementor-widget elementor-widget-text-editor\" data-id=\"66b99b3\" data-element_type=\"widget\" data-widget_type=\"text-editor.default\">\n\t\t\t\t\t\t\t\t\t<p><span style=\"color: rgb(1, 1, 1); font-family: Cardo, sans-serif; font-size: 37px;\">Dzi\u0119kuj\u0119, dziel\u0105c si\u0119 spostrze\u017ceniami pomagasz mi si\u0119 rozwija\u0107.<\/span><br><\/p>\t\t\t\t\t\t\t\t<\/div>\n\t\t\t\t\t<\/div>\n\t\t<\/div>\n\t\t\t\t\t<\/div>\n\t\t<\/section>\n\t\t\t\t<section class=\"elementor-section elementor-top-section elementor-element elementor-element-b7b76ef elementor-section-boxed elementor-section-height-default elementor-section-height-default\" data-id=\"b7b76ef\" data-element_type=\"section\" data-settings=\"{&quot;background_background&quot;:&quot;classic&quot;}\">\n\t\t\t\t\t\t<div class=\"elementor-container elementor-column-gap-no\">\n\t\t\t\t\t<div class=\"elementor-column elementor-col-100 elementor-top-column elementor-element elementor-element-d659d95\" data-id=\"d659d95\" data-element_type=\"column\" data-settings=\"{&quot;background_background&quot;:&quot;classic&quot;}\">\n\t\t\t<div class=\"elementor-widget-wrap elementor-element-populated\">\n\t\t\t\t\t\t<div class=\"elementor-element elementor-element-d39d616 elementor-widget__width-initial elementor-absolute elementor-view-default elementor-widget elementor-widget-icon\" data-id=\"d39d616\" data-element_type=\"widget\" data-settings=\"{&quot;_position&quot;:&quot;absolute&quot;}\" data-widget_type=\"icon.default\">\n\t\t\t\t\t\t\t<div class=\"elementor-icon-wrapper\">\n\t\t\t<div class=\"elementor-icon\">\n\t\t\t\t\t\t<\/div>\n\t\t<\/div>\n\t\t\t\t\t\t<\/div>\n\t\t\t\t<div class=\"elementor-element elementor-element-75a51ee elementor-widget__width-initial elementor-absolute elementor-view-default elementor-widget elementor-widget-icon\" data-id=\"75a51ee\" data-element_type=\"widget\" data-settings=\"{&quot;_position&quot;:&quot;absolute&quot;}\" data-widget_type=\"icon.default\">\n\t\t\t\t\t\t\t<div class=\"elementor-icon-wrapper\">\n\t\t\t<div class=\"elementor-icon\">\n\t\t\t\t\t\t<\/div>\n\t\t<\/div>\n\t\t\t\t\t\t<\/div>\n\t\t\t\t<div class=\"elementor-element elementor-element-a2a86c0 elementor-widget__width-initial elementor-absolute elementor-view-default elementor-widget elementor-widget-icon\" data-id=\"a2a86c0\" data-element_type=\"widget\" data-settings=\"{&quot;_position&quot;:&quot;absolute&quot;}\" data-widget_type=\"icon.default\">\n\t\t\t\t\t\t\t<div class=\"elementor-icon-wrapper\">\n\t\t\t<div class=\"elementor-icon\">\n\t\t\t\t\t\t<\/div>\n\t\t<\/div>\n\t\t\t\t\t\t<\/div>\n\t\t\t\t<section class=\"elementor-section elementor-inner-section elementor-element elementor-element-082ae1b elementor-section-boxed elementor-section-height-default elementor-section-height-default\" data-id=\"082ae1b\" data-element_type=\"section\">\n\t\t\t\t\t\t<div class=\"elementor-container elementor-column-gap-no\">\n\t\t\t\t\t<div class=\"elementor-column elementor-col-50 elementor-inner-column elementor-element elementor-element-70ac41b elementor-invisible\" data-id=\"70ac41b\" data-element_type=\"column\" data-settings=\"{&quot;animation&quot;:&quot;fadeInLeft&quot;}\">\n\t\t\t<div class=\"elementor-widget-wrap elementor-element-populated\">\n\t\t\t\t\t\t<div class=\"elementor-element elementor-element-3b68a08 elementor-widget elementor-widget-heading\" data-id=\"3b68a08\" data-element_type=\"widget\" data-widget_type=\"heading.default\">\n\t\t\t\t\t<h3 class=\"elementor-heading-title elementor-size-default\">Poznajmy si\u0119!<\/h3>\t\t\t\t<\/div>\n\t\t\t\t<div class=\"elementor-element elementor-element-027b829 elementor-hidden-tablet elementor-widget elementor-widget-text-editor\" data-id=\"027b829\" data-element_type=\"widget\" data-widget_type=\"text-editor.default\">\n\t\t\t\t\t\t\t\t\t<p>Um\u00f3w si\u0119 na bezp\u0142atne 20 min. spotkanie zapoznawcze<\/p>\t\t\t\t\t\t\t\t<\/div>\n\t\t\t\t\t<\/div>\n\t\t<\/div>\n\t\t\t\t<div class=\"elementor-column elementor-col-50 elementor-inner-column elementor-element elementor-element-a5e8133\" data-id=\"a5e8133\" data-element_type=\"column\">\n\t\t\t<div class=\"elementor-widget-wrap elementor-element-populated\">\n\t\t\t\t\t\t<div class=\"elementor-element elementor-element-0772f94 elementor-align-right elementor-widget__width-auto elementor-mobile-align-center elementor-invisible elementor-widget elementor-widget-button\" data-id=\"0772f94\" data-element_type=\"widget\" data-settings=\"{&quot;_animation&quot;:&quot;fadeInRight&quot;}\" data-widget_type=\"button.default\">\n\t\t\t\t\t\t\t\t\t\t<a class=\"elementor-button elementor-button-link elementor-size-lg\" href=\"https:\/\/gabinet.jannasz.pl\/index.php\/rezerwacja\/\">\n\t\t\t\t\t\t<span class=\"elementor-button-content-wrapper\">\n\t\t\t\t\t\t\t\t\t<span class=\"elementor-button-text\">Um\u00f3w si\u0119 na sesj\u0119<\/span>\n\t\t\t\t\t<\/span>\n\t\t\t\t\t<\/a>\n\t\t\t\t\t\t\t\t<\/div>\n\t\t\t\t\t<\/div>\n\t\t<\/div>\n\t\t\t\t\t<\/div>\n\t\t<\/section>\n\t\t\t\t\t<\/div>\n\t\t<\/div>\n\t\t\t\t\t<\/div>\n\t\t<\/section>\n\t\t\t\t<\/div>\n\t\t","protected":false},"excerpt":{"rendered":"<p>Podziel si\u0119 opini\u0105 o mojej pracy! Justyna Jannasz, psycholog, terapeuta Dzi\u0119kuj\u0119, dziel\u0105c si\u0119 spostrze\u017ceniami pomagasz mi si\u0119 rozwija\u0107. Poznajmy si\u0119! Um\u00f3w si\u0119 na bezp\u0142atne 20 min. spotkanie zapoznawcze Um\u00f3w si\u0119 na sesj\u0119<\/p>\n","protected":false},"author":1,"featured_media":0,"parent":0,"menu_order":0,"comment_status":"closed","ping_status":"closed","template":"elementor_header_footer","meta":{"footnotes":""},"class_list":["post-1228","page","type-page","status-publish","hentry"],"yoast_head":"<!-- This site is optimized with the Yoast SEO plugin v24.8 - https:\/\/yoast.com\/wordpress\/plugins\/seo\/ -->\n<title>Dodaj opini\u0119 -<\/title>\n<meta name=\"robots\" content=\"index, follow, max-snippet:-1, max-image-preview:large, max-video-preview:-1\" \/>\n<link rel=\"canonical\" href=\"https:\/\/gabinet.jannasz.pl\/index.php\/dodaj-opinie\/\" \/>\n<meta property=\"og:locale\" content=\"pl_PL\" \/>\n<meta property=\"og:type\" content=\"article\" \/>\n<meta property=\"og:title\" content=\"Dodaj opini\u0119 -\" \/>\n<meta property=\"og:description\" content=\"Podziel si\u0119 opini\u0105 o mojej pracy! Justyna Jannasz, psycholog, terapeuta Dzi\u0119kuj\u0119, dziel\u0105c si\u0119 spostrze\u017ceniami pomagasz mi si\u0119 rozwija\u0107. Poznajmy si\u0119! Um\u00f3w si\u0119 na bezp\u0142atne 20 min. spotkanie zapoznawcze Um\u00f3w si\u0119 na sesj\u0119\" \/>\n<meta property=\"og:url\" content=\"https:\/\/gabinet.jannasz.pl\/index.php\/dodaj-opinie\/\" \/>\n<meta property=\"article:modified_time\" content=\"2024-02-23T13:45:30+00:00\" \/>\n<meta property=\"og:image\" content=\"https:\/\/gabinet.jannasz.pl\/wp-content\/uploads\/2021\/04\/Lekcja-PBP.png\" \/>\n<meta name=\"twitter:card\" content=\"summary_large_image\" \/>\n<meta name=\"twitter:label1\" content=\"Szacowany czas czytania\" \/>\n\t<meta name=\"twitter:data1\" content=\"1 minuta\" \/>\n<script type=\"application\/ld+json\" class=\"yoast-schema-graph\">{\"@context\":\"https:\/\/schema.org\",\"@graph\":[{\"@type\":\"WebPage\",\"@id\":\"https:\/\/gabinet.jannasz.pl\/index.php\/dodaj-opinie\/\",\"url\":\"https:\/\/gabinet.jannasz.pl\/index.php\/dodaj-opinie\/\",\"name\":\"Dodaj opini\u0119 -\",\"isPartOf\":{\"@id\":\"https:\/\/gabinet.jannasz.pl\/#website\"},\"primaryImageOfPage\":{\"@id\":\"https:\/\/gabinet.jannasz.pl\/index.php\/dodaj-opinie\/#primaryimage\"},\"image\":{\"@id\":\"https:\/\/gabinet.jannasz.pl\/index.php\/dodaj-opinie\/#primaryimage\"},\"thumbnailUrl\":\"https:\/\/gabinet.jannasz.pl\/wp-content\/uploads\/2021\/04\/Lekcja-PBP.png\",\"datePublished\":\"2022-10-09T12:20:31+00:00\",\"dateModified\":\"2024-02-23T13:45:30+00:00\",\"breadcrumb\":{\"@id\":\"https:\/\/gabinet.jannasz.pl\/index.php\/dodaj-opinie\/#breadcrumb\"},\"inLanguage\":\"pl-PL\",\"potentialAction\":[{\"@type\":\"ReadAction\",\"target\":[\"https:\/\/gabinet.jannasz.pl\/index.php\/dodaj-opinie\/\"]}]},{\"@type\":\"ImageObject\",\"inLanguage\":\"pl-PL\",\"@id\":\"https:\/\/gabinet.jannasz.pl\/index.php\/dodaj-opinie\/#primaryimage\",\"url\":\"https:\/\/gabinet.jannasz.pl\/wp-content\/uploads\/2021\/04\/Lekcja-PBP.png\",\"contentUrl\":\"https:\/\/gabinet.jannasz.pl\/wp-content\/uploads\/2021\/04\/Lekcja-PBP.png\",\"width\":1365,\"height\":763},{\"@type\":\"BreadcrumbList\",\"@id\":\"https:\/\/gabinet.jannasz.pl\/index.php\/dodaj-opinie\/#breadcrumb\",\"itemListElement\":[{\"@type\":\"ListItem\",\"position\":1,\"name\":\"Strona g\u0142\u00f3wna\",\"item\":\"https:\/\/gabinet.jannasz.pl\/\"},{\"@type\":\"ListItem\",\"position\":2,\"name\":\"Dodaj opini\u0119\"}]},{\"@type\":\"WebSite\",\"@id\":\"https:\/\/gabinet.jannasz.pl\/#website\",\"url\":\"https:\/\/gabinet.jannasz.pl\/\",\"name\":\"\",\"description\":\"\",\"potentialAction\":[{\"@type\":\"SearchAction\",\"target\":{\"@type\":\"EntryPoint\",\"urlTemplate\":\"https:\/\/gabinet.jannasz.pl\/?s={search_term_string}\"},\"query-input\":{\"@type\":\"PropertyValueSpecification\",\"valueRequired\":true,\"valueName\":\"search_term_string\"}}],\"inLanguage\":\"pl-PL\"}]}<\/script>\n<!-- \/ Yoast SEO plugin. -->","yoast_head_json":{"title":"Dodaj opini\u0119 -","robots":{"index":"index","follow":"follow","max-snippet":"max-snippet:-1","max-image-preview":"max-image-preview:large","max-video-preview":"max-video-preview:-1"},"canonical":"https:\/\/gabinet.jannasz.pl\/index.php\/dodaj-opinie\/","og_locale":"pl_PL","og_type":"article","og_title":"Dodaj opini\u0119 -","og_description":"Podziel si\u0119 opini\u0105 o mojej pracy! Justyna Jannasz, psycholog, terapeuta Dzi\u0119kuj\u0119, dziel\u0105c si\u0119 spostrze\u017ceniami pomagasz mi si\u0119 rozwija\u0107. Poznajmy si\u0119! Um\u00f3w si\u0119 na bezp\u0142atne 20 min. spotkanie zapoznawcze Um\u00f3w si\u0119 na sesj\u0119","og_url":"https:\/\/gabinet.jannasz.pl\/index.php\/dodaj-opinie\/","article_modified_time":"2024-02-23T13:45:30+00:00","og_image":[{"url":"https:\/\/gabinet.jannasz.pl\/wp-content\/uploads\/2021\/04\/Lekcja-PBP.png","type":"","width":"","height":""}],"twitter_card":"summary_large_image","twitter_misc":{"Szacowany czas czytania":"1 minuta"},"schema":{"@context":"https:\/\/schema.org","@graph":[{"@type":"WebPage","@id":"https:\/\/gabinet.jannasz.pl\/index.php\/dodaj-opinie\/","url":"https:\/\/gabinet.jannasz.pl\/index.php\/dodaj-opinie\/","name":"Dodaj opini\u0119 -","isPartOf":{"@id":"https:\/\/gabinet.jannasz.pl\/#website"},"primaryImageOfPage":{"@id":"https:\/\/gabinet.jannasz.pl\/index.php\/dodaj-opinie\/#primaryimage"},"image":{"@id":"https:\/\/gabinet.jannasz.pl\/index.php\/dodaj-opinie\/#primaryimage"},"thumbnailUrl":"https:\/\/gabinet.jannasz.pl\/wp-content\/uploads\/2021\/04\/Lekcja-PBP.png","datePublished":"2022-10-09T12:20:31+00:00","dateModified":"2024-02-23T13:45:30+00:00","breadcrumb":{"@id":"https:\/\/gabinet.jannasz.pl\/index.php\/dodaj-opinie\/#breadcrumb"},"inLanguage":"pl-PL","potentialAction":[{"@type":"ReadAction","target":["https:\/\/gabinet.jannasz.pl\/index.php\/dodaj-opinie\/"]}]},{"@type":"ImageObject","inLanguage":"pl-PL","@id":"https:\/\/gabinet.jannasz.pl\/index.php\/dodaj-opinie\/#primaryimage","url":"https:\/\/gabinet.jannasz.pl\/wp-content\/uploads\/2021\/04\/Lekcja-PBP.png","contentUrl":"https:\/\/gabinet.jannasz.pl\/wp-content\/uploads\/2021\/04\/Lekcja-PBP.png","width":1365,"height":763},{"@type":"BreadcrumbList","@id":"https:\/\/gabinet.jannasz.pl\/index.php\/dodaj-opinie\/#breadcrumb","itemListElement":[{"@type":"ListItem","position":1,"name":"Strona g\u0142\u00f3wna","item":"https:\/\/gabinet.jannasz.pl\/"},{"@type":"ListItem","position":2,"name":"Dodaj opini\u0119"}]},{"@type":"WebSite","@id":"https:\/\/gabinet.jannasz.pl\/#website","url":"https:\/\/gabinet.jannasz.pl\/","name":"","description":"","potentialAction":[{"@type":"SearchAction","target":{"@type":"EntryPoint","urlTemplate":"https:\/\/gabinet.jannasz.pl\/?s={search_term_string}"},"query-input":{"@type":"PropertyValueSpecification","valueRequired":true,"valueName":"search_term_string"}}],"inLanguage":"pl-PL"}]}},"_links":{"self":[{"href":"https:\/\/gabinet.jannasz.pl\/index.php\/wp-json\/wp\/v2\/pages\/1228","targetHints":{"allow":["GET"]}}],"collection":[{"href":"https:\/\/gabinet.jannasz.pl\/index.php\/wp-json\/wp\/v2\/pages"}],"about":[{"href":"https:\/\/gabinet.jannasz.pl\/index.php\/wp-json\/wp\/v2\/types\/page"}],"author":[{"embeddable":true,"href":"https:\/\/gabinet.jannasz.pl\/index.php\/wp-json\/wp\/v2\/users\/1"}],"replies":[{"embeddable":true,"href":"https:\/\/gabinet.jannasz.pl\/index.php\/wp-json\/wp\/v2\/comments?post=1228"}],"version-history":[{"count":49,"href":"https:\/\/gabinet.jannasz.pl\/index.php\/wp-json\/wp\/v2\/pages\/1228\/revisions"}],"predecessor-version":[{"id":1518,"href":"https:\/\/gabinet.jannasz.pl\/index.php\/wp-json\/wp\/v2\/pages\/1228\/revisions\/1518"}],"wp:attachment":[{"href":"https:\/\/gabinet.jannasz.pl\/index.php\/wp-json\/wp\/v2\/media?parent=1228"}],"curies":[{"name":"wp","href":"https:\/\/api.w.org\/{rel}","templated":true}]}}