{"id":219,"date":"2021-03-29T11:21:10","date_gmt":"2021-03-29T09:21:10","guid":{"rendered":"https:\/\/gabinet.jannasz.pl\/?page_id=219"},"modified":"2024-01-26T17:01:39","modified_gmt":"2024-01-26T16:01:39","slug":"opinie","status":"publish","type":"page","link":"https:\/\/gabinet.jannasz.pl\/index.php\/opinie\/","title":{"rendered":"Opinie"},"content":{"rendered":"\t\t<div data-elementor-type=\"wp-page\" data-elementor-id=\"219\" class=\"elementor elementor-219\">\n\t\t\t\t\t\t<section class=\"elementor-section elementor-top-section elementor-element elementor-element-4bdc232f elementor-section-content-middle elementor-section-boxed elementor-section-height-default elementor-section-height-default\" data-id=\"4bdc232f\" data-element_type=\"section\" data-settings=\"{&quot;background_background&quot;:&quot;classic&quot;}\">\n\t\t\t\t\t\t<div class=\"elementor-container elementor-column-gap-no\">\n\t\t\t\t\t<div class=\"elementor-column elementor-col-33 elementor-top-column elementor-element elementor-element-57a09493\" data-id=\"57a09493\" data-element_type=\"column\">\n\t\t\t<div class=\"elementor-widget-wrap elementor-element-populated\">\n\t\t\t\t\t\t<div class=\"elementor-element elementor-element-4d415bee elementor-widget elementor-widget-heading\" data-id=\"4d415bee\" data-element_type=\"widget\" data-widget_type=\"heading.default\">\n\t\t\t\t\t<h4 class=\"elementor-heading-title elementor-size-default\"><a href=\"\/\">Justyna Jannasz<\/a><\/h4>\t\t\t\t<\/div>\n\t\t\t\t\t<\/div>\n\t\t<\/div>\n\t\t\t\t<div class=\"elementor-column elementor-col-33 elementor-top-column elementor-element elementor-element-1a5d0a09\" data-id=\"1a5d0a09\" data-element_type=\"column\">\n\t\t\t<div class=\"elementor-widget-wrap elementor-element-populated\">\n\t\t\t\t\t\t<div class=\"elementor-element elementor-element-c50cee3 elementor-widget elementor-widget-text-editor\" data-id=\"c50cee3\" data-element_type=\"widget\" data-widget_type=\"text-editor.default\">\n\t\t\t\t\t\t\t\t\t<p>Terapeuta uzale\u017cnie\u0144, wsp\u00f3\u0142uzale\u017cnienia, DDA, rozwoju osobistego<\/p>\t\t\t\t\t\t\t\t<\/div>\n\t\t\t\t\t<\/div>\n\t\t<\/div>\n\t\t\t\t<div class=\"elementor-column elementor-col-33 elementor-top-column elementor-element elementor-element-8f6236b elementor-hidden-phone\" data-id=\"8f6236b\" data-element_type=\"column\">\n\t\t\t<div class=\"elementor-widget-wrap elementor-element-populated\">\n\t\t\t\t\t\t<div class=\"elementor-element elementor-element-7f3d9fd5 elementor-widget__width-auto elementor-widget elementor-widget-button\" data-id=\"7f3d9fd5\" data-element_type=\"widget\" data-widget_type=\"button.default\">\n\t\t\t\t\t\t\t\t\t\t<a class=\"elementor-button elementor-button-link elementor-size-lg\" href=\"https:\/\/gabinet.jannasz.pl\/index.php\/rezerwacja\/\">\n\t\t\t\t\t\t<span class=\"elementor-button-content-wrapper\">\n\t\t\t\t\t\t\t\t\t<span class=\"elementor-button-text\">Konsultacja<\/span>\n\t\t\t\t\t<\/span>\n\t\t\t\t\t<\/a>\n\t\t\t\t\t\t\t\t<\/div>\n\t\t\t\t\t<\/div>\n\t\t<\/div>\n\t\t\t\t\t<\/div>\n\t\t<\/section>\n\t\t\t\t<section class=\"elementor-section elementor-top-section elementor-element elementor-element-5c770d20 elementor-section-boxed elementor-section-height-default elementor-section-height-default\" data-id=\"5c770d20\" data-element_type=\"section\">\n\t\t\t\t\t\t<div class=\"elementor-container elementor-column-gap-no\">\n\t\t\t\t\t<div class=\"elementor-column elementor-col-100 elementor-top-column elementor-element elementor-element-1efed6a9\" data-id=\"1efed6a9\" data-element_type=\"column\">\n\t\t\t<div class=\"elementor-widget-wrap elementor-element-populated\">\n\t\t\t\t\t\t<div class=\"elementor-element elementor-element-6cffbaea elementor-widget elementor-widget-heading\" data-id=\"6cffbaea\" data-element_type=\"widget\" data-widget_type=\"heading.default\">\n\t\t\t\t\t<div class=\"elementor-heading-title elementor-size-default\">Wypowiedz si\u0119 i TY!<\/div>\t\t\t\t<\/div>\n\t\t\t\t<div class=\"elementor-element elementor-element-15841a7f elementor-widget elementor-widget-heading\" data-id=\"15841a7f\" data-element_type=\"widget\" data-widget_type=\"heading.default\">\n\t\t\t\t\t<h2 class=\"elementor-heading-title elementor-size-default\">Co o mojej pracy m\u00f3wi\u0105 moi pacjenci?<\/h2>\t\t\t\t<\/div>\n\t\t\t\t<div class=\"elementor-element elementor-element-2622d830 elementor-widget-divider--view-line_icon elementor-widget-divider--separator-type-pattern elementor-view-default elementor-widget-divider--element-align-center elementor-widget elementor-widget-divider\" data-id=\"2622d830\" data-element_type=\"widget\" data-widget_type=\"divider.default\">\n\t\t\t\t\t\t\t<div class=\"elementor-divider\" style=\"--divider-pattern-url: url(&quot;data:image\/svg+xml,%3Csvg xmlns=&#039;http:\/\/www.w3.org\/2000\/svg&#039; preserveAspectRatio=&#039;none&#039; overflow=&#039;visible&#039; height=&#039;100%&#039; viewBox=&#039;0 0 24 24&#039; fill=&#039;none&#039; stroke=&#039;black&#039; stroke-width=&#039;3&#039; stroke-linecap=&#039;square&#039; stroke-miterlimit=&#039;10&#039;%3E%3Cpath d=&#039;M0,6c6,0,6,13,12,13S18,6,24,6&#039;\/%3E%3C\/svg%3E&quot;);\">\n\t\t\t<span class=\"elementor-divider-separator\">\n\t\t\t\t\t\t\t<div class=\"elementor-icon elementor-divider__element\">\n\t\t\t\t\t<svg aria-hidden=\"true\" class=\"e-font-icon-svg e-fas-spa\" viewBox=\"0 0 576 512\" xmlns=\"http:\/\/www.w3.org\/2000\/svg\"><path d=\"M568.25 192c-29.04.13-135.01 6.16-213.84 83-33.12 29.63-53.36 63.3-66.41 94.86-13.05-31.56-33.29-65.23-66.41-94.86-78.83-76.84-184.8-82.87-213.84-83-4.41-.02-7.79 3.4-7.75 7.82.23 27.92 7.14 126.14 88.77 199.3C172.79 480.94 256 480 288 480s115.19.95 199.23-80.88c81.64-73.17 88.54-171.38 88.77-199.3.04-4.42-3.34-7.84-7.75-7.82zM287.98 302.6c12.82-18.85 27.6-35.78 44.09-50.52 19.09-18.61 39.58-33.3 60.26-45.18-16.44-70.5-51.72-133.05-96.73-172.22-4.11-3.58-11.02-3.58-15.14 0-44.99 39.14-80.27 101.63-96.74 172.07 20.37 11.7 40.5 26.14 59.22 44.39a282.768 282.768 0 0 1 45.04 51.46z\"><\/path><\/svg><\/div>\n\t\t\t\t\t\t<\/span>\n\t\t<\/div>\n\t\t\t\t\t\t<\/div>\n\t\t\t\t<div class=\"elementor-element elementor-element-dfd3b86 elementor-position-left elementor-vertical-align-top elementor-widget elementor-widget-image-box\" data-id=\"dfd3b86\" data-element_type=\"widget\" data-widget_type=\"image-box.default\">\n\t\t\t\t\t<div class=\"elementor-image-box-wrapper\"><figure class=\"elementor-image-box-img\"><img decoding=\"async\" width=\"150\" height=\"150\" src=\"https:\/\/gabinet.jannasz.pl\/wp-content\/uploads\/2021\/04\/AdobeStock_283550249-5_pix-1-150x150.jpeg\" class=\"attachment-thumbnail size-thumbnail wp-image-600\" alt=\"\" srcset=\"https:\/\/gabinet.jannasz.pl\/wp-content\/uploads\/2021\/04\/AdobeStock_283550249-5_pix-1-150x150.jpeg 150w, https:\/\/gabinet.jannasz.pl\/wp-content\/uploads\/2021\/04\/AdobeStock_283550249-5_pix-1-300x300.jpeg 300w, https:\/\/gabinet.jannasz.pl\/wp-content\/uploads\/2021\/04\/AdobeStock_283550249-5_pix-1-768x768.jpeg 768w, https:\/\/gabinet.jannasz.pl\/wp-content\/uploads\/2021\/04\/AdobeStock_283550249-5_pix-1.jpeg 810w\" sizes=\"(max-width: 150px) 100vw, 150px\" \/><\/figure><div class=\"elementor-image-box-content\"><h3 class=\"elementor-image-box-title\">El\u017cbieta<\/h3><p class=\"elementor-image-box-description\">\"M\u0105dry, bardzo prawdziwy przekaz. Mo\u017ce mniej siebie b\u0119d\u0119 wini\u0107 a przede wszystkim, wiem jakie b\u0142\u0119dy pope\u0142nia\u0142am, my\u015bl\u0105c, \u017ce jednak to nie b\u0142\u0119dy, tylko m\u00f3j matczyny obowi\u0105zek\u2026 ba\u0142am si\u0119 kocha\u0107 dojrzale\u2026 Dzi\u0119kuj\u0119. \u201d<\/p><\/div><\/div>\t\t\t\t<\/div>\n\t\t\t\t<div class=\"elementor-element elementor-element-2e50577 elementor-position-left elementor-vertical-align-top elementor-widget elementor-widget-image-box\" data-id=\"2e50577\" data-element_type=\"widget\" data-widget_type=\"image-box.default\">\n\t\t\t\t\t<div class=\"elementor-image-box-wrapper\"><figure class=\"elementor-image-box-img\"><img decoding=\"async\" width=\"150\" height=\"150\" src=\"https:\/\/gabinet.jannasz.pl\/wp-content\/uploads\/2021\/04\/AdobeStock_283550249-2_pix-1-150x150.jpeg\" class=\"attachment-thumbnail size-thumbnail wp-image-597\" alt=\"\" srcset=\"https:\/\/gabinet.jannasz.pl\/wp-content\/uploads\/2021\/04\/AdobeStock_283550249-2_pix-1-150x150.jpeg 150w, https:\/\/gabinet.jannasz.pl\/wp-content\/uploads\/2021\/04\/AdobeStock_283550249-2_pix-1-300x300.jpeg 300w, https:\/\/gabinet.jannasz.pl\/wp-content\/uploads\/2021\/04\/AdobeStock_283550249-2_pix-1-768x768.jpeg 768w, https:\/\/gabinet.jannasz.pl\/wp-content\/uploads\/2021\/04\/AdobeStock_283550249-2_pix-1.jpeg 810w\" sizes=\"(max-width: 150px) 100vw, 150px\" \/><\/figure><div class=\"elementor-image-box-content\"><h3 class=\"elementor-image-box-title\">Anna<\/h3><p class=\"elementor-image-box-description\">\u201cBardzo du\u017ca wiedz\u0105 poparta przyk\u0142adami, czu\u0107 empati\u0119 i ciep\u0142o, w pe\u0142ni profesjonalna w tym co robi, terapeuta z powo\u0142ania\"<\/p><\/div><\/div>\t\t\t\t<\/div>\n\t\t\t\t<div class=\"elementor-element elementor-element-b036659 elementor-position-left elementor-vertical-align-top elementor-widget elementor-widget-image-box\" data-id=\"b036659\" data-element_type=\"widget\" data-widget_type=\"image-box.default\">\n\t\t\t\t\t<div class=\"elementor-image-box-wrapper\"><figure class=\"elementor-image-box-img\"><img decoding=\"async\" width=\"150\" height=\"150\" src=\"https:\/\/gabinet.jannasz.pl\/wp-content\/uploads\/2021\/04\/AdobeStock_283550249-4_pix-1-150x150.jpeg\" class=\"attachment-thumbnail size-thumbnail wp-image-599\" alt=\"\" srcset=\"https:\/\/gabinet.jannasz.pl\/wp-content\/uploads\/2021\/04\/AdobeStock_283550249-4_pix-1-150x150.jpeg 150w, https:\/\/gabinet.jannasz.pl\/wp-content\/uploads\/2021\/04\/AdobeStock_283550249-4_pix-1-300x300.jpeg 300w, https:\/\/gabinet.jannasz.pl\/wp-content\/uploads\/2021\/04\/AdobeStock_283550249-4_pix-1-768x768.jpeg 768w, https:\/\/gabinet.jannasz.pl\/wp-content\/uploads\/2021\/04\/AdobeStock_283550249-4_pix-1.jpeg 810w\" sizes=\"(max-width: 150px) 100vw, 150px\" \/><\/figure><div class=\"elementor-image-box-content\"><h3 class=\"elementor-image-box-title\">Katarzyna<\/h3><p class=\"elementor-image-box-description\">\u201cJestem pod wra\u017ceniem \u0107wiczenia z wehiku\u0142em czasu. Uwa\u017cam, \u017ce mo\u017ce to \u0107wiczenie zmieni\u0107 wiele w \u017cyciu ka\u017cdego cz\u0142owieka, nawet takiego, kt\u00f3ry nie uwa\u017ca si\u0119 za wsp\u00f3\u0142uzale\u017cnionego. Dzi\u0119kuj\u0119 za podpowied\u017a. \u201d<\/p><\/div><\/div>\t\t\t\t<\/div>\n\t\t\t\t\t<\/div>\n\t\t<\/div>\n\t\t\t\t\t<\/div>\n\t\t<\/section>\n\t\t\t\t<section class=\"elementor-section elementor-top-section elementor-element elementor-element-8ddab80 elementor-section-boxed elementor-section-height-default elementor-section-height-default\" data-id=\"8ddab80\" data-element_type=\"section\">\n\t\t\t\t\t\t<div class=\"elementor-container elementor-column-gap-default\">\n\t\t\t\t\t<div class=\"elementor-column elementor-col-100 elementor-top-column elementor-element elementor-element-61de28d\" data-id=\"61de28d\" data-element_type=\"column\">\n\t\t\t<div class=\"elementor-widget-wrap elementor-element-populated\">\n\t\t\t\t\t\t<div class=\"elementor-element elementor-element-198fcde elementor-align-center elementor-widget elementor-widget-button\" data-id=\"198fcde\" data-element_type=\"widget\" data-widget_type=\"button.default\">\n\t\t\t\t\t\t\t\t\t\t<a class=\"elementor-button elementor-button-link elementor-size-lg\" href=\"https:\/\/gabinet.jannasz.pl\/index.php\/dodaj-opinie\/\">\n\t\t\t\t\t\t<span class=\"elementor-button-content-wrapper\">\n\t\t\t\t\t\t\t\t\t<span class=\"elementor-button-text\">Podziel si\u0119 opini\u0105<\/span>\n\t\t\t\t\t<\/span>\n\t\t\t\t\t<\/a>\n\t\t\t\t\t\t\t\t<\/div>\n\t\t\t\t\t<\/div>\n\t\t<\/div>\n\t\t\t\t\t<\/div>\n\t\t<\/section>\n\t\t\t\t<section class=\"elementor-section elementor-top-section elementor-element elementor-element-711ff26d elementor-section-boxed elementor-section-height-default elementor-section-height-default\" data-id=\"711ff26d\" data-element_type=\"section\" data-settings=\"{&quot;background_background&quot;:&quot;classic&quot;}\">\n\t\t\t\t\t\t<div class=\"elementor-container elementor-column-gap-no\">\n\t\t\t\t\t<div class=\"elementor-column elementor-col-100 elementor-top-column elementor-element elementor-element-583188e5\" data-id=\"583188e5\" data-element_type=\"column\" data-settings=\"{&quot;background_background&quot;:&quot;classic&quot;}\">\n\t\t\t<div class=\"elementor-widget-wrap elementor-element-populated\">\n\t\t\t\t\t\t<div class=\"elementor-element elementor-element-53c02f90 elementor-widget__width-initial elementor-absolute elementor-view-default elementor-widget elementor-widget-icon\" data-id=\"53c02f90\" data-element_type=\"widget\" data-settings=\"{&quot;_position&quot;:&quot;absolute&quot;}\" data-widget_type=\"icon.default\">\n\t\t\t\t\t\t\t<div class=\"elementor-icon-wrapper\">\n\t\t\t<div class=\"elementor-icon\">\n\t\t\t\t\t\t<\/div>\n\t\t<\/div>\n\t\t\t\t\t\t<\/div>\n\t\t\t\t<div class=\"elementor-element elementor-element-2908052c elementor-widget__width-initial elementor-absolute elementor-view-default elementor-widget elementor-widget-icon\" data-id=\"2908052c\" data-element_type=\"widget\" data-settings=\"{&quot;_position&quot;:&quot;absolute&quot;}\" data-widget_type=\"icon.default\">\n\t\t\t\t\t\t\t<div class=\"elementor-icon-wrapper\">\n\t\t\t<div class=\"elementor-icon\">\n\t\t\t\t\t\t<\/div>\n\t\t<\/div>\n\t\t\t\t\t\t<\/div>\n\t\t\t\t<div class=\"elementor-element elementor-element-18a7a083 elementor-widget__width-initial elementor-absolute elementor-view-default elementor-widget elementor-widget-icon\" data-id=\"18a7a083\" data-element_type=\"widget\" data-settings=\"{&quot;_position&quot;:&quot;absolute&quot;}\" data-widget_type=\"icon.default\">\n\t\t\t\t\t\t\t<div class=\"elementor-icon-wrapper\">\n\t\t\t<div class=\"elementor-icon\">\n\t\t\t\t\t\t<\/div>\n\t\t<\/div>\n\t\t\t\t\t\t<\/div>\n\t\t\t\t<section class=\"elementor-section elementor-inner-section elementor-element elementor-element-7001e299 elementor-section-boxed elementor-section-height-default elementor-section-height-default\" data-id=\"7001e299\" data-element_type=\"section\">\n\t\t\t\t\t\t<div class=\"elementor-container elementor-column-gap-no\">\n\t\t\t\t\t<div class=\"elementor-column elementor-col-50 elementor-inner-column elementor-element elementor-element-13a55c5 elementor-invisible\" data-id=\"13a55c5\" data-element_type=\"column\" data-settings=\"{&quot;animation&quot;:&quot;fadeInLeft&quot;}\">\n\t\t\t<div class=\"elementor-widget-wrap elementor-element-populated\">\n\t\t\t\t\t\t<div class=\"elementor-element elementor-element-27b86c62 elementor-widget elementor-widget-heading\" data-id=\"27b86c62\" data-element_type=\"widget\" data-widget_type=\"heading.default\">\n\t\t\t\t\t<h3 class=\"elementor-heading-title elementor-size-default\">Poznajmy si\u0119!<\/h3>\t\t\t\t<\/div>\n\t\t\t\t<div class=\"elementor-element elementor-element-376a66b2 elementor-hidden-tablet elementor-widget elementor-widget-text-editor\" data-id=\"376a66b2\" data-element_type=\"widget\" data-widget_type=\"text-editor.default\">\n\t\t\t\t\t\t\t\t\t<p>Um\u00f3w si\u0119 na bezp\u0142atne 20 min. spotkanie zapoznawcze<\/p>\t\t\t\t\t\t\t\t<\/div>\n\t\t\t\t\t<\/div>\n\t\t<\/div>\n\t\t\t\t<div class=\"elementor-column elementor-col-50 elementor-inner-column elementor-element elementor-element-54a43acc\" data-id=\"54a43acc\" data-element_type=\"column\">\n\t\t\t<div class=\"elementor-widget-wrap elementor-element-populated\">\n\t\t\t\t\t\t<div class=\"elementor-element elementor-element-c5b7d4a elementor-align-right elementor-widget__width-auto elementor-mobile-align-center elementor-invisible elementor-widget elementor-widget-button\" data-id=\"c5b7d4a\" data-element_type=\"widget\" data-settings=\"{&quot;_animation&quot;:&quot;fadeInRight&quot;}\" data-widget_type=\"button.default\">\n\t\t\t\t\t\t\t\t\t\t<a class=\"elementor-button elementor-button-link elementor-size-lg\" href=\"https:\/\/gabinet.jannasz.pl\/index.php\/rezerwacja\/\">\n\t\t\t\t\t\t<span class=\"elementor-button-content-wrapper\">\n\t\t\t\t\t\t\t\t\t<span class=\"elementor-button-text\">Um\u00f3w si\u0119 na sesj\u0119<\/span>\n\t\t\t\t\t<\/span>\n\t\t\t\t\t<\/a>\n\t\t\t\t\t\t\t\t<\/div>\n\t\t\t\t\t<\/div>\n\t\t<\/div>\n\t\t\t\t\t<\/div>\n\t\t<\/section>\n\t\t\t\t\t<\/div>\n\t\t<\/div>\n\t\t\t\t\t<\/div>\n\t\t<\/section>\n\t\t\t\t<\/div>\n\t\t","protected":false},"excerpt":{"rendered":"<p>Justyna Jannasz Terapeuta uzale\u017cnie\u0144, wsp\u00f3\u0142uzale\u017cnienia, DDA, rozwoju osobistego Konsultacja Wypowiedz si\u0119 i TY! Co o mojej pracy m\u00f3wi\u0105 moi pacjenci? El\u017cbieta &#8222;M\u0105dry, bardzo prawdziwy przekaz. Mo\u017ce mniej siebie b\u0119d\u0119 wini\u0107 a przede wszystkim, wiem jakie b\u0142\u0119dy pope\u0142nia\u0142am, my\u015bl\u0105c, \u017ce jednak to nie b\u0142\u0119dy, tylko m\u00f3j matczyny obowi\u0105zek\u2026 ba\u0142am si\u0119 kocha\u0107 dojrzale\u2026 Dzi\u0119kuj\u0119. \u201d Anna \u201cBardzo [&hellip;]<\/p>\n","protected":false},"author":1,"featured_media":0,"parent":0,"menu_order":0,"comment_status":"closed","ping_status":"closed","template":"","meta":{"footnotes":""},"class_list":["post-219","page","type-page","status-publish","hentry"],"yoast_head":"<!-- This site is optimized with the Yoast SEO plugin v24.8 - https:\/\/yoast.com\/wordpress\/plugins\/seo\/ -->\n<title>Opinie -<\/title>\n<meta name=\"robots\" content=\"index, follow, max-snippet:-1, max-image-preview:large, max-video-preview:-1\" \/>\n<link rel=\"canonical\" href=\"https:\/\/gabinet.jannasz.pl\/index.php\/opinie\/\" \/>\n<meta property=\"og:locale\" content=\"pl_PL\" \/>\n<meta property=\"og:type\" content=\"article\" \/>\n<meta property=\"og:title\" content=\"Opinie -\" \/>\n<meta property=\"og:description\" content=\"Justyna Jannasz Terapeuta uzale\u017cnie\u0144, wsp\u00f3\u0142uzale\u017cnienia, DDA, rozwoju osobistego Konsultacja Wypowiedz si\u0119 i TY! Co o mojej pracy m\u00f3wi\u0105 moi pacjenci? El\u017cbieta &#8222;M\u0105dry, bardzo prawdziwy przekaz. Mo\u017ce mniej siebie b\u0119d\u0119 wini\u0107 a przede wszystkim, wiem jakie b\u0142\u0119dy pope\u0142nia\u0142am, my\u015bl\u0105c, \u017ce jednak to nie b\u0142\u0119dy, tylko m\u00f3j matczyny obowi\u0105zek\u2026 ba\u0142am si\u0119 kocha\u0107 dojrzale\u2026 Dzi\u0119kuj\u0119. \u201d Anna \u201cBardzo [&hellip;]\" \/>\n<meta property=\"og:url\" content=\"https:\/\/gabinet.jannasz.pl\/index.php\/opinie\/\" \/>\n<meta property=\"article:modified_time\" content=\"2024-01-26T16:01:39+00:00\" \/>\n<meta property=\"og:image\" content=\"https:\/\/gabinet.jannasz.pl\/wp-content\/uploads\/2021\/04\/AdobeStock_283550249-5_pix-1-150x150.jpeg\" \/>\n<meta name=\"twitter:card\" content=\"summary_large_image\" \/>\n<meta name=\"twitter:label1\" content=\"Szacowany czas czytania\" \/>\n\t<meta name=\"twitter:data1\" content=\"2 minuty\" \/>\n<script type=\"application\/ld+json\" class=\"yoast-schema-graph\">{\"@context\":\"https:\/\/schema.org\",\"@graph\":[{\"@type\":\"WebPage\",\"@id\":\"https:\/\/gabinet.jannasz.pl\/index.php\/opinie\/\",\"url\":\"https:\/\/gabinet.jannasz.pl\/index.php\/opinie\/\",\"name\":\"Opinie -\",\"isPartOf\":{\"@id\":\"https:\/\/gabinet.jannasz.pl\/#website\"},\"primaryImageOfPage\":{\"@id\":\"https:\/\/gabinet.jannasz.pl\/index.php\/opinie\/#primaryimage\"},\"image\":{\"@id\":\"https:\/\/gabinet.jannasz.pl\/index.php\/opinie\/#primaryimage\"},\"thumbnailUrl\":\"https:\/\/gabinet.jannasz.pl\/wp-content\/uploads\/2021\/04\/AdobeStock_283550249-5_pix-1-150x150.jpeg\",\"datePublished\":\"2021-03-29T09:21:10+00:00\",\"dateModified\":\"2024-01-26T16:01:39+00:00\",\"breadcrumb\":{\"@id\":\"https:\/\/gabinet.jannasz.pl\/index.php\/opinie\/#breadcrumb\"},\"inLanguage\":\"pl-PL\",\"potentialAction\":[{\"@type\":\"ReadAction\",\"target\":[\"https:\/\/gabinet.jannasz.pl\/index.php\/opinie\/\"]}]},{\"@type\":\"ImageObject\",\"inLanguage\":\"pl-PL\",\"@id\":\"https:\/\/gabinet.jannasz.pl\/index.php\/opinie\/#primaryimage\",\"url\":\"https:\/\/gabinet.jannasz.pl\/wp-content\/uploads\/2021\/04\/AdobeStock_283550249-5_pix-1.jpeg\",\"contentUrl\":\"https:\/\/gabinet.jannasz.pl\/wp-content\/uploads\/2021\/04\/AdobeStock_283550249-5_pix-1.jpeg\",\"width\":810,\"height\":810,\"caption\":\"panoramic shot five multiethnic women looking at camera isolated on grey\"},{\"@type\":\"BreadcrumbList\",\"@id\":\"https:\/\/gabinet.jannasz.pl\/index.php\/opinie\/#breadcrumb\",\"itemListElement\":[{\"@type\":\"ListItem\",\"position\":1,\"name\":\"Strona g\u0142\u00f3wna\",\"item\":\"https:\/\/gabinet.jannasz.pl\/\"},{\"@type\":\"ListItem\",\"position\":2,\"name\":\"Opinie\"}]},{\"@type\":\"WebSite\",\"@id\":\"https:\/\/gabinet.jannasz.pl\/#website\",\"url\":\"https:\/\/gabinet.jannasz.pl\/\",\"name\":\"\",\"description\":\"\",\"potentialAction\":[{\"@type\":\"SearchAction\",\"target\":{\"@type\":\"EntryPoint\",\"urlTemplate\":\"https:\/\/gabinet.jannasz.pl\/?s={search_term_string}\"},\"query-input\":{\"@type\":\"PropertyValueSpecification\",\"valueRequired\":true,\"valueName\":\"search_term_string\"}}],\"inLanguage\":\"pl-PL\"}]}<\/script>\n<!-- \/ Yoast SEO plugin. -->","yoast_head_json":{"title":"Opinie -","robots":{"index":"index","follow":"follow","max-snippet":"max-snippet:-1","max-image-preview":"max-image-preview:large","max-video-preview":"max-video-preview:-1"},"canonical":"https:\/\/gabinet.jannasz.pl\/index.php\/opinie\/","og_locale":"pl_PL","og_type":"article","og_title":"Opinie -","og_description":"Justyna Jannasz Terapeuta uzale\u017cnie\u0144, wsp\u00f3\u0142uzale\u017cnienia, DDA, rozwoju osobistego Konsultacja Wypowiedz si\u0119 i TY! Co o mojej pracy m\u00f3wi\u0105 moi pacjenci? El\u017cbieta &#8222;M\u0105dry, bardzo prawdziwy przekaz. Mo\u017ce mniej siebie b\u0119d\u0119 wini\u0107 a przede wszystkim, wiem jakie b\u0142\u0119dy pope\u0142nia\u0142am, my\u015bl\u0105c, \u017ce jednak to nie b\u0142\u0119dy, tylko m\u00f3j matczyny obowi\u0105zek\u2026 ba\u0142am si\u0119 kocha\u0107 dojrzale\u2026 Dzi\u0119kuj\u0119. \u201d Anna \u201cBardzo [&hellip;]","og_url":"https:\/\/gabinet.jannasz.pl\/index.php\/opinie\/","article_modified_time":"2024-01-26T16:01:39+00:00","og_image":[{"url":"https:\/\/gabinet.jannasz.pl\/wp-content\/uploads\/2021\/04\/AdobeStock_283550249-5_pix-1-150x150.jpeg","type":"","width":"","height":""}],"twitter_card":"summary_large_image","twitter_misc":{"Szacowany czas czytania":"2 minuty"},"schema":{"@context":"https:\/\/schema.org","@graph":[{"@type":"WebPage","@id":"https:\/\/gabinet.jannasz.pl\/index.php\/opinie\/","url":"https:\/\/gabinet.jannasz.pl\/index.php\/opinie\/","name":"Opinie -","isPartOf":{"@id":"https:\/\/gabinet.jannasz.pl\/#website"},"primaryImageOfPage":{"@id":"https:\/\/gabinet.jannasz.pl\/index.php\/opinie\/#primaryimage"},"image":{"@id":"https:\/\/gabinet.jannasz.pl\/index.php\/opinie\/#primaryimage"},"thumbnailUrl":"https:\/\/gabinet.jannasz.pl\/wp-content\/uploads\/2021\/04\/AdobeStock_283550249-5_pix-1-150x150.jpeg","datePublished":"2021-03-29T09:21:10+00:00","dateModified":"2024-01-26T16:01:39+00:00","breadcrumb":{"@id":"https:\/\/gabinet.jannasz.pl\/index.php\/opinie\/#breadcrumb"},"inLanguage":"pl-PL","potentialAction":[{"@type":"ReadAction","target":["https:\/\/gabinet.jannasz.pl\/index.php\/opinie\/"]}]},{"@type":"ImageObject","inLanguage":"pl-PL","@id":"https:\/\/gabinet.jannasz.pl\/index.php\/opinie\/#primaryimage","url":"https:\/\/gabinet.jannasz.pl\/wp-content\/uploads\/2021\/04\/AdobeStock_283550249-5_pix-1.jpeg","contentUrl":"https:\/\/gabinet.jannasz.pl\/wp-content\/uploads\/2021\/04\/AdobeStock_283550249-5_pix-1.jpeg","width":810,"height":810,"caption":"panoramic shot five multiethnic women looking at camera isolated on grey"},{"@type":"BreadcrumbList","@id":"https:\/\/gabinet.jannasz.pl\/index.php\/opinie\/#breadcrumb","itemListElement":[{"@type":"ListItem","position":1,"name":"Strona g\u0142\u00f3wna","item":"https:\/\/gabinet.jannasz.pl\/"},{"@type":"ListItem","position":2,"name":"Opinie"}]},{"@type":"WebSite","@id":"https:\/\/gabinet.jannasz.pl\/#website","url":"https:\/\/gabinet.jannasz.pl\/","name":"","description":"","potentialAction":[{"@type":"SearchAction","target":{"@type":"EntryPoint","urlTemplate":"https:\/\/gabinet.jannasz.pl\/?s={search_term_string}"},"query-input":{"@type":"PropertyValueSpecification","valueRequired":true,"valueName":"search_term_string"}}],"inLanguage":"pl-PL"}]}},"_links":{"self":[{"href":"https:\/\/gabinet.jannasz.pl\/index.php\/wp-json\/wp\/v2\/pages\/219","targetHints":{"allow":["GET"]}}],"collection":[{"href":"https:\/\/gabinet.jannasz.pl\/index.php\/wp-json\/wp\/v2\/pages"}],"about":[{"href":"https:\/\/gabinet.jannasz.pl\/index.php\/wp-json\/wp\/v2\/types\/page"}],"author":[{"embeddable":true,"href":"https:\/\/gabinet.jannasz.pl\/index.php\/wp-json\/wp\/v2\/users\/1"}],"replies":[{"embeddable":true,"href":"https:\/\/gabinet.jannasz.pl\/index.php\/wp-json\/wp\/v2\/comments?post=219"}],"version-history":[{"count":32,"href":"https:\/\/gabinet.jannasz.pl\/index.php\/wp-json\/wp\/v2\/pages\/219\/revisions"}],"predecessor-version":[{"id":1396,"href":"https:\/\/gabinet.jannasz.pl\/index.php\/wp-json\/wp\/v2\/pages\/219\/revisions\/1396"}],"wp:attachment":[{"href":"https:\/\/gabinet.jannasz.pl\/index.php\/wp-json\/wp\/v2\/media?parent=219"}],"curies":[{"name":"wp","href":"https:\/\/api.w.org\/{rel}","templated":true}]}}