{"id":342,"date":"2021-04-05T18:04:30","date_gmt":"2021-04-05T16:04:30","guid":{"rendered":"https:\/\/gabinet.jannasz.pl\/?page_id=342"},"modified":"2025-07-09T13:34:52","modified_gmt":"2025-07-09T11:34:52","slug":"rezerwacja","status":"publish","type":"page","link":"https:\/\/gabinet.jannasz.pl\/index.php\/rezerwacja\/","title":{"rendered":"Um\u00f3w si\u0119 na sesj\u0119"},"content":{"rendered":"\t\t<div data-elementor-type=\"wp-page\" data-elementor-id=\"342\" class=\"elementor elementor-342\">\n\t\t\t\t\t\t<section class=\"elementor-section elementor-top-section elementor-element elementor-element-00357a1 elementor-section-content-middle elementor-section-boxed elementor-section-height-default elementor-section-height-default\" data-id=\"00357a1\" data-element_type=\"section\" data-settings=\"{&quot;background_background&quot;:&quot;classic&quot;}\">\n\t\t\t\t\t\t<div class=\"elementor-container elementor-column-gap-no\">\n\t\t\t\t\t<div class=\"elementor-column elementor-col-33 elementor-top-column elementor-element elementor-element-4fa790f\" data-id=\"4fa790f\" data-element_type=\"column\">\n\t\t\t<div class=\"elementor-widget-wrap elementor-element-populated\">\n\t\t\t\t\t\t<div class=\"elementor-element elementor-element-a172c9d elementor-widget elementor-widget-heading\" data-id=\"a172c9d\" data-element_type=\"widget\" data-widget_type=\"heading.default\">\n\t\t\t\t\t<h4 class=\"elementor-heading-title elementor-size-default\"><a href=\"\/\">Justyna Jannasz<\/a><\/h4>\t\t\t\t<\/div>\n\t\t\t\t\t<\/div>\n\t\t<\/div>\n\t\t\t\t<div class=\"elementor-column elementor-col-33 elementor-top-column elementor-element elementor-element-180a7fe\" data-id=\"180a7fe\" data-element_type=\"column\">\n\t\t\t<div class=\"elementor-widget-wrap elementor-element-populated\">\n\t\t\t\t\t\t<div class=\"elementor-element elementor-element-f2e1d29 elementor-widget elementor-widget-text-editor\" data-id=\"f2e1d29\" data-element_type=\"widget\" data-widget_type=\"text-editor.default\">\n\t\t\t\t\t\t\t\t\t<p>Psycholog, Terapeuta<\/p>\t\t\t\t\t\t\t\t<\/div>\n\t\t\t\t\t<\/div>\n\t\t<\/div>\n\t\t\t\t<div class=\"elementor-column elementor-col-33 elementor-top-column elementor-element elementor-element-6abb470 elementor-hidden-phone\" data-id=\"6abb470\" data-element_type=\"column\">\n\t\t\t<div class=\"elementor-widget-wrap\">\n\t\t\t\t\t\t\t<\/div>\n\t\t<\/div>\n\t\t\t\t\t<\/div>\n\t\t<\/section>\n\t\t\t\t<section class=\"elementor-section elementor-top-section elementor-element elementor-element-30fcc75 elementor-section-height-min-height elementor-section-boxed elementor-section-height-default elementor-section-items-middle\" data-id=\"30fcc75\" data-element_type=\"section\">\n\t\t\t\t\t\t<div class=\"elementor-container elementor-column-gap-no\">\n\t\t\t\t\t<div class=\"elementor-column elementor-col-100 elementor-top-column elementor-element elementor-element-2a6572b9\" data-id=\"2a6572b9\" data-element_type=\"column\">\n\t\t\t<div class=\"elementor-widget-wrap elementor-element-populated\">\n\t\t\t\t\t\t<div class=\"elementor-element elementor-element-45fb53b5 elementor-widget elementor-widget-heading\" data-id=\"45fb53b5\" data-element_type=\"widget\" data-widget_type=\"heading.default\">\n\t\t\t\t\t<div class=\"elementor-heading-title elementor-size-default\">Spotkajmy si\u0119!<\/div>\t\t\t\t<\/div>\n\t\t\t\t<div class=\"elementor-element elementor-element-30203e04 elementor-widget elementor-widget-heading\" data-id=\"30203e04\" data-element_type=\"widget\" data-widget_type=\"heading.default\">\n\t\t\t\t\t<h2 class=\"elementor-heading-title elementor-size-default\">Um\u00f3w si\u0119 na sesj\u0119<\/h2>\t\t\t\t<\/div>\n\t\t\t\t<div class=\"elementor-element elementor-element-637976c6 elementor-widget-divider--view-line_icon elementor-widget-divider--separator-type-pattern elementor-view-default elementor-widget-divider--element-align-center elementor-widget elementor-widget-divider\" data-id=\"637976c6\" data-element_type=\"widget\" data-widget_type=\"divider.default\">\n\t\t\t\t\t\t\t<div class=\"elementor-divider\" style=\"--divider-pattern-url: url(&quot;data:image\/svg+xml,%3Csvg xmlns=&#039;http:\/\/www.w3.org\/2000\/svg&#039; preserveAspectRatio=&#039;none&#039; overflow=&#039;visible&#039; height=&#039;100%&#039; viewBox=&#039;0 0 24 24&#039; fill=&#039;none&#039; stroke=&#039;black&#039; stroke-width=&#039;3&#039; stroke-linecap=&#039;square&#039; stroke-miterlimit=&#039;10&#039;%3E%3Cpath d=&#039;M0,6c6,0,6,13,12,13S18,6,24,6&#039;\/%3E%3C\/svg%3E&quot;);\">\n\t\t\t<span class=\"elementor-divider-separator\">\n\t\t\t\t\t\t\t<div class=\"elementor-icon elementor-divider__element\">\n\t\t\t\t\t<svg aria-hidden=\"true\" class=\"e-font-icon-svg e-fas-spa\" viewBox=\"0 0 576 512\" xmlns=\"http:\/\/www.w3.org\/2000\/svg\"><path d=\"M568.25 192c-29.04.13-135.01 6.16-213.84 83-33.12 29.63-53.36 63.3-66.41 94.86-13.05-31.56-33.29-65.23-66.41-94.86-78.83-76.84-184.8-82.87-213.84-83-4.41-.02-7.79 3.4-7.75 7.82.23 27.92 7.14 126.14 88.77 199.3C172.79 480.94 256 480 288 480s115.19.95 199.23-80.88c81.64-73.17 88.54-171.38 88.77-199.3.04-4.42-3.34-7.84-7.75-7.82zM287.98 302.6c12.82-18.85 27.6-35.78 44.09-50.52 19.09-18.61 39.58-33.3 60.26-45.18-16.44-70.5-51.72-133.05-96.73-172.22-4.11-3.58-11.02-3.58-15.14 0-44.99 39.14-80.27 101.63-96.74 172.07 20.37 11.7 40.5 26.14 59.22 44.39a282.768 282.768 0 0 1 45.04 51.46z\"><\/path><\/svg><\/div>\n\t\t\t\t\t\t<\/span>\n\t\t<\/div>\n\t\t\t\t\t\t<\/div>\n\t\t\t\t<div class=\"elementor-element elementor-element-3a9c3847 elementor-widget elementor-widget-text-editor\" data-id=\"3a9c3847\" data-element_type=\"widget\" data-widget_type=\"text-editor.default\">\n\t\t\t\t\t\t\t\t\t<p>Um\u00f3w si\u0119 na sesj\u0119 online lub w gabinecie. Spotkania trwaj\u0105 50 minut.<\/p><p>Terminy mo\u017cna rezerwowa\u0107 z wyprzedzeniem min. 2 godzin.<\/p><p>Anulowanie rezerwacji i zwrot op\u0142aty jest mo\u017cliwy na co najmniej 24 godziny przed terminem spotkania, prosz\u0119 o przemy\u015blane klikanie!<\/p>\t\t\t\t\t\t\t\t<\/div>\n\t\t\t\t<div class=\"elementor-element elementor-element-c38f165 elementor-widget elementor-widget-html\" data-id=\"c38f165\" data-element_type=\"widget\" data-widget_type=\"html.default\">\n\t\t\t\t\t<a id=\"zl-url\" class=\"zl-url\" href=\"https:\/\/www.znanylekarz.pl\/justyna-jannasz\/psychoterapeuta-psycholog\/warszawa\" rel=\"nofollow\" data-zlw-doctor=\"justyna-jannasz\" data-zlw-type=\"big\" data-zlw-opinion=\"false\" data-zlw-hide-branding=\"true\" data-zlw-saas-only=\"false\" data-zlw-a11y-title=\"Widget um\u00f3wienia wizyty lekarskiej\">Justyna Jannasz - ZnanyLekarz.pl<\/a><script>!function($_x,_s,id){var js,fjs=$_x.getElementsByTagName(_s)[0];if(!$_x.getElementById(id)){js = $_x.createElement(_s);js.id = id;js.src = \"\/\/platform.docplanner.com\/js\/widget.js\";fjs.parentNode.insertBefore(js,fjs);}}(document,\"script\",\"zl-widget-s\");<\/script>\t\t\t\t<\/div>\n\t\t\t\t\t<\/div>\n\t\t<\/div>\n\t\t\t\t\t<\/div>\n\t\t<\/section>\n\t\t\t\t<section class=\"elementor-section elementor-top-section elementor-element elementor-element-39173add elementor-section-height-full elementor-section-boxed elementor-section-height-default elementor-section-items-middle\" data-id=\"39173add\" data-element_type=\"section\" data-settings=\"{&quot;background_background&quot;:&quot;classic&quot;}\">\n\t\t\t\t\t\t\t<div class=\"elementor-background-overlay\"><\/div>\n\t\t\t\t\t\t\t<div class=\"elementor-container elementor-column-gap-no\">\n\t\t\t\t\t<div class=\"elementor-column elementor-col-100 elementor-top-column elementor-element elementor-element-80ea1d4\" data-id=\"80ea1d4\" data-element_type=\"column\">\n\t\t\t<div class=\"elementor-widget-wrap elementor-element-populated\">\n\t\t\t\t\t\t<section class=\"elementor-section elementor-inner-section elementor-element elementor-element-68111dd1 elementor-section-boxed elementor-section-height-default elementor-section-height-default\" data-id=\"68111dd1\" data-element_type=\"section\">\n\t\t\t\t\t\t<div class=\"elementor-container elementor-column-gap-no\">\n\t\t\t\t\t<div class=\"elementor-column elementor-col-33 elementor-inner-column elementor-element elementor-element-6cfc7c78\" data-id=\"6cfc7c78\" data-element_type=\"column\">\n\t\t\t<div class=\"elementor-widget-wrap\">\n\t\t\t\t\t\t\t<\/div>\n\t\t<\/div>\n\t\t\t\t<div class=\"elementor-column elementor-col-33 elementor-inner-column elementor-element elementor-element-54ab4141\" data-id=\"54ab4141\" data-element_type=\"column\">\n\t\t\t<div class=\"elementor-widget-wrap\">\n\t\t\t\t\t\t\t<\/div>\n\t\t<\/div>\n\t\t\t\t<div class=\"elementor-column elementor-col-33 elementor-inner-column elementor-element elementor-element-51a8a99a\" data-id=\"51a8a99a\" data-element_type=\"column\">\n\t\t\t<div class=\"elementor-widget-wrap\">\n\t\t\t\t\t\t\t<\/div>\n\t\t<\/div>\n\t\t\t\t\t<\/div>\n\t\t<\/section>\n\t\t\t\t\t<\/div>\n\t\t<\/div>\n\t\t\t\t\t<\/div>\n\t\t<\/section>\n\t\t\t\t<section class=\"elementor-section elementor-top-section elementor-element elementor-element-8d1638c elementor-section-boxed elementor-section-height-default elementor-section-height-default\" data-id=\"8d1638c\" data-element_type=\"section\">\n\t\t\t\t\t\t<div class=\"elementor-container elementor-column-gap-default\">\n\t\t\t\t\t<div class=\"elementor-column elementor-col-100 elementor-top-column elementor-element elementor-element-24f6e5d\" data-id=\"24f6e5d\" data-element_type=\"column\">\n\t\t\t<div class=\"elementor-widget-wrap elementor-element-populated\">\n\t\t\t\t\t\t<div class=\"elementor-element elementor-element-d5caeaf elementor-widget elementor-widget-text-editor\" data-id=\"d5caeaf\" data-element_type=\"widget\" data-widget_type=\"text-editor.default\">\n\t\t\t\t\t\t\t\t\t<p>Najlepszy czas jest teraz!<\/p>\t\t\t\t\t\t\t\t<\/div>\n\t\t\t\t\t<\/div>\n\t\t<\/div>\n\t\t\t\t\t<\/div>\n\t\t<\/section>\n\t\t\t\t<\/div>\n\t\t","protected":false},"excerpt":{"rendered":"<p>Justyna Jannasz Psycholog, Terapeuta Spotkajmy si\u0119! Um\u00f3w si\u0119 na sesj\u0119 Um\u00f3w si\u0119 na sesj\u0119 online lub w gabinecie. Spotkania trwaj\u0105 50 minut. Terminy mo\u017cna rezerwowa\u0107 z wyprzedzeniem min. 2 godzin. Anulowanie rezerwacji i zwrot op\u0142aty jest mo\u017cliwy na co najmniej 24 godziny przed terminem spotkania, prosz\u0119 o przemy\u015blane klikanie! Justyna Jannasz &#8211; ZnanyLekarz.pl Najlepszy czas [&hellip;]<\/p>\n","protected":false},"author":1,"featured_media":0,"parent":0,"menu_order":0,"comment_status":"closed","ping_status":"closed","template":"elementor_header_footer","meta":{"footnotes":""},"class_list":["post-342","page","type-page","status-publish","hentry"],"yoast_head":"<!-- This site is optimized with the Yoast SEO plugin v24.8 - https:\/\/yoast.com\/wordpress\/plugins\/seo\/ -->\n<title>Um\u00f3w si\u0119 na sesj\u0119 -<\/title>\n<meta name=\"robots\" content=\"index, follow, max-snippet:-1, max-image-preview:large, max-video-preview:-1\" \/>\n<link rel=\"canonical\" href=\"https:\/\/gabinet.jannasz.pl\/index.php\/rezerwacja\/\" \/>\n<meta property=\"og:locale\" content=\"pl_PL\" \/>\n<meta property=\"og:type\" content=\"article\" \/>\n<meta property=\"og:title\" content=\"Um\u00f3w si\u0119 na sesj\u0119 -\" \/>\n<meta property=\"og:description\" content=\"Justyna Jannasz Psycholog, Terapeuta Spotkajmy si\u0119! Um\u00f3w si\u0119 na sesj\u0119 Um\u00f3w si\u0119 na sesj\u0119 online lub w gabinecie. Spotkania trwaj\u0105 50 minut. Terminy mo\u017cna rezerwowa\u0107 z wyprzedzeniem min. 2 godzin. Anulowanie rezerwacji i zwrot op\u0142aty jest mo\u017cliwy na co najmniej 24 godziny przed terminem spotkania, prosz\u0119 o przemy\u015blane klikanie! Justyna Jannasz &#8211; ZnanyLekarz.pl Najlepszy czas [&hellip;]\" \/>\n<meta property=\"og:url\" content=\"https:\/\/gabinet.jannasz.pl\/index.php\/rezerwacja\/\" \/>\n<meta property=\"article:modified_time\" content=\"2025-07-09T11:34:52+00:00\" \/>\n<meta name=\"twitter:card\" content=\"summary_large_image\" \/>\n<meta name=\"twitter:label1\" content=\"Szacowany czas czytania\" \/>\n\t<meta name=\"twitter:data1\" content=\"1 minuta\" \/>\n<script type=\"application\/ld+json\" class=\"yoast-schema-graph\">{\"@context\":\"https:\/\/schema.org\",\"@graph\":[{\"@type\":\"WebPage\",\"@id\":\"https:\/\/gabinet.jannasz.pl\/index.php\/rezerwacja\/\",\"url\":\"https:\/\/gabinet.jannasz.pl\/index.php\/rezerwacja\/\",\"name\":\"Um\u00f3w si\u0119 na sesj\u0119 -\",\"isPartOf\":{\"@id\":\"https:\/\/gabinet.jannasz.pl\/#website\"},\"datePublished\":\"2021-04-05T16:04:30+00:00\",\"dateModified\":\"2025-07-09T11:34:52+00:00\",\"breadcrumb\":{\"@id\":\"https:\/\/gabinet.jannasz.pl\/index.php\/rezerwacja\/#breadcrumb\"},\"inLanguage\":\"pl-PL\",\"potentialAction\":[{\"@type\":\"ReadAction\",\"target\":[\"https:\/\/gabinet.jannasz.pl\/index.php\/rezerwacja\/\"]}]},{\"@type\":\"BreadcrumbList\",\"@id\":\"https:\/\/gabinet.jannasz.pl\/index.php\/rezerwacja\/#breadcrumb\",\"itemListElement\":[{\"@type\":\"ListItem\",\"position\":1,\"name\":\"Strona g\u0142\u00f3wna\",\"item\":\"https:\/\/gabinet.jannasz.pl\/\"},{\"@type\":\"ListItem\",\"position\":2,\"name\":\"Um\u00f3w si\u0119 na sesj\u0119\"}]},{\"@type\":\"WebSite\",\"@id\":\"https:\/\/gabinet.jannasz.pl\/#website\",\"url\":\"https:\/\/gabinet.jannasz.pl\/\",\"name\":\"\",\"description\":\"\",\"potentialAction\":[{\"@type\":\"SearchAction\",\"target\":{\"@type\":\"EntryPoint\",\"urlTemplate\":\"https:\/\/gabinet.jannasz.pl\/?s={search_term_string}\"},\"query-input\":{\"@type\":\"PropertyValueSpecification\",\"valueRequired\":true,\"valueName\":\"search_term_string\"}}],\"inLanguage\":\"pl-PL\"}]}<\/script>\n<!-- \/ Yoast SEO plugin. -->","yoast_head_json":{"title":"Um\u00f3w si\u0119 na sesj\u0119 -","robots":{"index":"index","follow":"follow","max-snippet":"max-snippet:-1","max-image-preview":"max-image-preview:large","max-video-preview":"max-video-preview:-1"},"canonical":"https:\/\/gabinet.jannasz.pl\/index.php\/rezerwacja\/","og_locale":"pl_PL","og_type":"article","og_title":"Um\u00f3w si\u0119 na sesj\u0119 -","og_description":"Justyna Jannasz Psycholog, Terapeuta Spotkajmy si\u0119! Um\u00f3w si\u0119 na sesj\u0119 Um\u00f3w si\u0119 na sesj\u0119 online lub w gabinecie. Spotkania trwaj\u0105 50 minut. Terminy mo\u017cna rezerwowa\u0107 z wyprzedzeniem min. 2 godzin. Anulowanie rezerwacji i zwrot op\u0142aty jest mo\u017cliwy na co najmniej 24 godziny przed terminem spotkania, prosz\u0119 o przemy\u015blane klikanie! Justyna Jannasz &#8211; ZnanyLekarz.pl Najlepszy czas [&hellip;]","og_url":"https:\/\/gabinet.jannasz.pl\/index.php\/rezerwacja\/","article_modified_time":"2025-07-09T11:34:52+00:00","twitter_card":"summary_large_image","twitter_misc":{"Szacowany czas czytania":"1 minuta"},"schema":{"@context":"https:\/\/schema.org","@graph":[{"@type":"WebPage","@id":"https:\/\/gabinet.jannasz.pl\/index.php\/rezerwacja\/","url":"https:\/\/gabinet.jannasz.pl\/index.php\/rezerwacja\/","name":"Um\u00f3w si\u0119 na sesj\u0119 -","isPartOf":{"@id":"https:\/\/gabinet.jannasz.pl\/#website"},"datePublished":"2021-04-05T16:04:30+00:00","dateModified":"2025-07-09T11:34:52+00:00","breadcrumb":{"@id":"https:\/\/gabinet.jannasz.pl\/index.php\/rezerwacja\/#breadcrumb"},"inLanguage":"pl-PL","potentialAction":[{"@type":"ReadAction","target":["https:\/\/gabinet.jannasz.pl\/index.php\/rezerwacja\/"]}]},{"@type":"BreadcrumbList","@id":"https:\/\/gabinet.jannasz.pl\/index.php\/rezerwacja\/#breadcrumb","itemListElement":[{"@type":"ListItem","position":1,"name":"Strona g\u0142\u00f3wna","item":"https:\/\/gabinet.jannasz.pl\/"},{"@type":"ListItem","position":2,"name":"Um\u00f3w si\u0119 na sesj\u0119"}]},{"@type":"WebSite","@id":"https:\/\/gabinet.jannasz.pl\/#website","url":"https:\/\/gabinet.jannasz.pl\/","name":"","description":"","potentialAction":[{"@type":"SearchAction","target":{"@type":"EntryPoint","urlTemplate":"https:\/\/gabinet.jannasz.pl\/?s={search_term_string}"},"query-input":{"@type":"PropertyValueSpecification","valueRequired":true,"valueName":"search_term_string"}}],"inLanguage":"pl-PL"}]}},"_links":{"self":[{"href":"https:\/\/gabinet.jannasz.pl\/index.php\/wp-json\/wp\/v2\/pages\/342","targetHints":{"allow":["GET"]}}],"collection":[{"href":"https:\/\/gabinet.jannasz.pl\/index.php\/wp-json\/wp\/v2\/pages"}],"about":[{"href":"https:\/\/gabinet.jannasz.pl\/index.php\/wp-json\/wp\/v2\/types\/page"}],"author":[{"embeddable":true,"href":"https:\/\/gabinet.jannasz.pl\/index.php\/wp-json\/wp\/v2\/users\/1"}],"replies":[{"embeddable":true,"href":"https:\/\/gabinet.jannasz.pl\/index.php\/wp-json\/wp\/v2\/comments?post=342"}],"version-history":[{"count":36,"href":"https:\/\/gabinet.jannasz.pl\/index.php\/wp-json\/wp\/v2\/pages\/342\/revisions"}],"predecessor-version":[{"id":1566,"href":"https:\/\/gabinet.jannasz.pl\/index.php\/wp-json\/wp\/v2\/pages\/342\/revisions\/1566"}],"wp:attachment":[{"href":"https:\/\/gabinet.jannasz.pl\/index.php\/wp-json\/wp\/v2\/media?parent=342"}],"curies":[{"name":"wp","href":"https:\/\/api.w.org\/{rel}","templated":true}]}}